{"id":104,"date":"2020-02-22T16:14:31","date_gmt":"2020-02-22T16:14:31","guid":{"rendered":"https:\/\/lcaflorida.org\/testimonials\/"},"modified":"2020-02-25T22:19:08","modified_gmt":"2020-02-25T22:19:08","slug":"archives","status":"publish","type":"page","link":"https:\/\/lcaflorida.org\/es\/archives\/","title":{"rendered":"Archivos"},"content":{"rendered":"<div data-elementor-type=\"wp-page\" data-elementor-id=\"104\" class=\"elementor elementor-104\">\n\t\t\t\t\t\t<section class=\"elementor-section elementor-top-section elementor-element elementor-element-1367a7cd elementor-section-boxed elementor-section-height-default elementor-section-height-default\" data-id=\"1367a7cd\" data-element_type=\"section\" data-e-type=\"section\">\n\t\t\t\t\t\t<div class=\"elementor-container elementor-column-gap-default\">\n\t\t\t\t\t<div class=\"elementor-column elementor-col-100 elementor-top-column elementor-element elementor-element-49ab1599\" data-id=\"49ab1599\" data-element_type=\"column\" data-e-type=\"column\">\n\t\t\t<div class=\"elementor-widget-wrap elementor-element-populated\">\n\t\t\t\t\t\t<div class=\"elementor-element elementor-element-31612082 elementor-widget elementor-widget-text-editor\" data-id=\"31612082\" data-element_type=\"widget\" data-e-type=\"widget\" data-widget_type=\"text-editor.default\">\n\t\t\t\t<div class=\"elementor-widget-container\">\n\t\t\t\t\t\t\t\t\t<div class=\"boldgrid-section\"><div class=\"container\"><div class=\"row gridblock\"><div class=\"col-md-3 col-sm-3 text-center col-xs-12\"><p class=\"mod-img-circle\"><img fetchpriority=\"high\" decoding=\"async\" class=\"alignnone wp-image-2391 size-full\" src=\"https:\/\/lcaflorida.org\/wp-content\/uploads\/2020\/02\/conf1.jpg\" alt=\"\" width=\"300\" height=\"175\" data-imhwpb-built-photo-search=\"130|square\" srcset=\"https:\/\/lcaflorida.org\/wp-content\/uploads\/2020\/02\/conf1.jpg 300w, https:\/\/lcaflorida.org\/wp-content\/uploads\/2020\/02\/conf1-250x146.jpg 250w\" sizes=\"(max-width: 300px) 100vw, 300px\" \/><\/p><\/div><div class=\"col-md-9 col-sm-9 col-xs-12\"><div class=\"row gridblock bg-editor-hr-wrap\"><div class=\"col-md-12 col-xs-12 col-sm-12\"><hr \/><\/div><\/div><h5><span style=\"color: #000000;\">Otras dimensiones de nuestras iniciativas educacionales lo constituyen las convenciones y seminarios. El objetivo de estos eventos es proveer un foro, donde se debaten los distintos asuntos que afectan a los mayores latinos. En el desarrollo de convenciones y seminarios frecuentemente colaboramos con otras organizaciones.<\/span><\/h5><h3>\u00a0<\/h3><h3><strong>Convenciones<\/strong><\/h3><\/div><\/div><\/div><\/div><div class=\"boldgrid-section\"><div class=\"container\"><div class=\"row\"><div class=\"col-md-12 col-xs-12 col-sm-12\"><p><span style=\"color: #000000;\">El LCA organiz\u00f3 la Primera Convenci\u00f3n de la Regi\u00f3n Noreste Sobre las Personas Mayores Hispanas en Hartford, Connecticut en 1992.\n\n\nEl LCA organiz\u00f3 en conjunto con la Universidad Cat\u00f3lica de Valpara\u00edso, la Primera Convenci\u00f3n Inter-Americana Sobre Gerontolog\u00eda, la que se llev\u00f3 a cabo en Vi\u00f1a del Mar, Chile, del 19 al 22 de Octubre de 1994. El Programa Sobre la Vejez de las Naciones Unidas y el Ministerio de RR.EE. de la Rep\u00fablica de Chile aupiciaron este importante evento inter-hemisf\u00e9rico.<\/span><\/p><\/div><\/div><\/div><\/div><div class=\"boldgrid-section\"><div class=\"container\"><div class=\"row\"><div class=\"col-md-12 col-xs-12 col-sm-12\"><div><span style=\"color: #000000;\">El LCA realiz\u00f3 una Convenci\u00f3n Nacional en Estados Unidos entre el 23 y el 25 de Marzo de 1995, titulada,\"El Estado de la Nutrici\u00f3n y Beneficios: El Ciudadano Olvidado\". Fue designada como una actividad de la Conferencia de la Casa Blanca de 1995, 250 personas mayores y profesionales de todas las regiones del pa\u00eds participaron. Las Conclusiones de esta convenci\u00f3n fueron distribuidas a las agencias de la Ciudad de Nueva York, y nacionalmente a legisladores y a expertos en pol\u00edtica p\u00fablica, adem\u00e1s de fundaciones interesadas en el status de los mayores hispanos.<\/span><\/div><div><span style=\"color: #000000;\">\u00a0<\/span><\/div><div><\/div><div><span style=\"color: #000000;\">El LCA llev\u00f3 a cabo durante los a\u00f1os 2000 y 2001 la Segunda Convenci\u00f3n Inter-Americana sobre Gerontolog\u00eda, centr\u00e1ndose en la vejez y el hambre, en diferentes \u00e1reas de Norte, Centro y Sud-Am\u00e9rica.<\/span><\/div><div><span style=\"color: #000000;\">\u00a0<\/span><\/div><div><\/div><div><span style=\"color: #000000;\">Nuestro trabajo lo realizamos en conjunto con numerosas entidades p\u00fablicas y privadas as\u00ed como con organizaciones de base que sirven a los mayores. Algunas de ellas son:<\/span><\/div><\/div><div class=\"col-md-12 col-xs-12 col-sm-12\"><span style=\"color: #000000;\">Alamo Area Council of Governments, San Antonio, TX &#8211; ASI, Chicago, IL &#8211; Casa Boricua Senior Center, Bronx, NY &#8211; Casita Maria, Inc., New York, NY &#8211; East Harlem Council of Senior Centers &#8211; Edward R. Roybal Institute for Applied Gerontology, Los Angeles, CA &#8211; Goodard Riverside Community Center, New York, NY &#8211; Hispanic Family Center, Camden, NJ &#8211; Hispanic Providers Council, Chicago, IL\u00a0 &#8211; Latino Elderly, Inc., Orlando, FL &#8211; Milwaukee County Department on Aging, Milwaukee, WI &#8211; Morris County Organization for Hispanic Affairs, Dover, NJ &#8211; Mount Sinai Medical Center, New York, NY &#8211; National Diversity Concepts, Washington, D.C. &#8211; Norris Square Senior Center, Philadelphia, PA &#8211; New Jersey City University &#8211; New Jersey Division on Aging &#8211; New York City Department for the Aging &#8211; New York State Office for the Aging &#8211; Neighborhood SHOPP &#8211; Bronx Borough President&#8217;s Office &#8211; Project S.O.S., Bronx Community College, Bronx, NY &#8211; Saint Vincent de Paul Residence, Bronx, NY &#8211; RAIN Multi Service &#8211; Sociedad de Gerontolog\u00eda de Puerto Rico &#8211; Southside Care Management &amp; Home Care, Brooklyn, NY &#8211; University of Texas Health Science Center, San Antonio, TX.<\/span><\/div><div class=\"col-md-12 col-xs-12 col-sm-12\"><span style=\"color: #000000;\">\u00a0<\/span><\/div><div><\/div><\/div><\/div><\/div><div class=\"boldgrid-section\"><div class=\"container\"><div class=\"row gridblock\"><div class=\"col-md-3 col-sm-3 text-center col-xs-12\"><p class=\"mod-img-circle\"><img decoding=\"async\" class=\"alignnone wp-image-2392 size-full\" src=\"https:\/\/lcaflorida.org\/wp-content\/uploads\/2020\/02\/conf2.jpg\" alt=\"\" width=\"300\" height=\"183\" data-imhwpb-built-photo-search=\"8|square\" srcset=\"https:\/\/lcaflorida.org\/wp-content\/uploads\/2020\/02\/conf2.jpg 300w, https:\/\/lcaflorida.org\/wp-content\/uploads\/2020\/02\/conf2-250x153.jpg 250w, https:\/\/lcaflorida.org\/wp-content\/uploads\/2020\/02\/conf2-295x180.jpg 295w\" sizes=\"(max-width: 300px) 100vw, 300px\" \/><\/p><\/div><div class=\"col-md-9 col-sm-9 col-xs-12\"><div class=\"row gridblock bg-editor-hr-wrap\"><div class=\"col-md-12 col-xs-12 col-sm-12\"><hr \/><\/div><\/div><h3><strong>Seminarios<\/strong><\/h3><h5><span style=\"color: #000000;\">Serie de Cursos Comunitarios<\/span><\/h5><p><span style=\"color: #000000;\">Personas Mayores Otorgan Nota Excelente a Todos los Cursos<\/span><\/p><p><span style=\"color: #000000;\">Desde 1999 el Latino Center on Aging ha estado conduciendo Seminarios gratuitos, en su esfuerzo de educaci\u00f3n a la comunidad. Ha contado con la activa participaci\u00f3n de personas mayores y profesionales provenientes de Queens, Brooklyn, Bronx y del East Harlem (El barrio), Manhatan.\n\nLos primeros se llevaron a cabo en la Primavera de 1999 y trataron los temas relacionados al Censo 2000 y el otro sobre la Enfermedad de Alzheimer.<\/span><\/p><p><span style=\"color: #000000;\">The first courses were held during the Spring of 1999, one versed on the importance for Latinos to participate in the Census 2000, particularly due to the undercount experienced by Latinos in the census of 1990, in the second course the effects of Alzheimer&#8217;s Disease on the Latino family.<\/span><\/p><h4>\u00a0<\/h4><\/div><\/div><\/div><\/div><div class=\"boldgrid-section\"><div class=\"container\"><div class=\"row\"><div class=\"col-md-12 col-xs-12 col-sm-12\"><\/div><\/div><\/div><\/div><div class=\"boldgrid-section\"><div class=\"container\"><div class=\"row\"><div class=\"col-md-12 col-xs-12 col-sm-12\"><\/div><\/div><\/div><\/div><div class=\"boldgrid-section\"><div class=\"container\"><div class=\"row gridblock\"><div class=\"col-md-3 col-sm-3 text-center col-xs-12\"><p class=\"mod-img-circle\"><img decoding=\"async\" class=\"alignnone wp-image-2393 size-medium\" src=\"https:\/\/lcaflorida.org\/wp-content\/uploads\/2020\/02\/conf3-300x158.jpg\" alt=\"\" width=\"300\" height=\"158\" data-imhwpb-built-photo-search=\"8|square\" srcset=\"https:\/\/lcaflorida.org\/wp-content\/uploads\/2020\/02\/conf3-300x158.jpg 300w, https:\/\/lcaflorida.org\/wp-content\/uploads\/2020\/02\/conf3-250x132.jpg 250w, https:\/\/lcaflorida.org\/wp-content\/uploads\/2020\/02\/conf3-550x290.jpg 550w, https:\/\/lcaflorida.org\/wp-content\/uploads\/2020\/02\/conf3-341x180.jpg 341w, https:\/\/lcaflorida.org\/wp-content\/uploads\/2020\/02\/conf3-569x300.jpg 569w, https:\/\/lcaflorida.org\/wp-content\/uploads\/2020\/02\/conf3.jpg 741w\" sizes=\"(max-width: 300px) 100vw, 300px\" \/><\/p><\/div><div class=\"col-md-9 col-sm-9 col-xs-12\"><div class=\"row gridblock bg-editor-hr-wrap\"><div class=\"col-md-12 col-xs-12 col-sm-12\"><hr \/><\/div><\/div><h3><strong>faculty<\/strong><\/h3><h5><span style=\"color: #000000;\">El LCA es extremadamente afortunado, al contar para todos sus eventos con una Facultad de Excelencia, compuesta por profesionales sobresalientes:<\/span><\/h5><p><span style=\"color: #000000;\">Ms. Carmen Aponte &#8211; Dr. Steven Applewhite &#8211; Dr. Maria Aranda &#8211; Ms. Lourdes Birba &#8211; Ms. Bethsaida Colon &#8211; Ms. Doris Colon &#8211; Dr. Davide Espino &#8211; Mr. Angelo Falcon &#8211; Ms. Elizabeth Figueroa &#8211; Mr. Fernando Fernandez &#8211; Mr. Ray Figueroa &#8211; Der. Celina Gomez &#8211; Dr. Adela Herrera &#8211; Prof. Gladys Jimenez &#8211; Dr. Rafael Lantigua &#8211; Dr. Nelson Peralta &#8211; Dr. Fernando Morales &#8211; Prof. Carlos Navarrete &#8211; Dr. Felix Nallim &#8211; Prof. Marialcira Quintero &#8211; Prof. Diana Roman &#8211; Ms. Adriene Rosell &#8211; Dr. Carlos Rueda &#8211; Dr. Melba Sanchez &#8211; Dr. Carmen D. Sanchez &#8211; Dr. Melissa Talamantes &#8211; Dr. Fernando Torres-Gil &#8211; Ms. Sara Vidal &#8211;\u00a0<\/span><\/p><\/div><div class=\"col-md-9 col-sm-9 col-xs-12\"><h3>\u00a0<\/h3><h3><strong>Archivos<\/strong><\/h3><h5><span style=\"color: #000000;\">Importantes y \u00datiles Resultados y Recomendaciones de las Conferencias:\u00a0<\/span><\/h5><p><strong><a href=\"http:\/\/www.gerolatino.org\/english\/chile_94.htm\">Primera Conferencia Inter-Americana sobre Gerontolog\u00eda - Vi\u00f1a del Mar, Chile, Octubre de 1994.<\/a><\/strong><\/p><p><strong><a href=\"http:\/\/www.gerolatino.org\/english\/puerto_rico_2001.htm\">Segunda Conferencia Inter-Americana sobre Gerontolog\u00eda - M\u00e9xico, Costa Rica, Argentina y Puerto Rico - 2000-2001.<\/a><\/strong><\/p><p><strong><a href=\"http:\/\/www.gerolatino.org\/finalreport.pdf\">Segunda Conferencia Nacional (EEUU) sobre Adultos Mayores Hispanos - Mayo a Octubre de 2005 - Chicago - Orlando - Nueva York.<\/a><\/strong><\/p><div><\/div><\/div><\/div><\/div><\/div>\t\t\t\t\t\t\t\t<\/div>\n\t\t\t\t<\/div>\n\t\t\t\t\t<\/div>\n\t\t<\/div>\n\t\t\t\t\t<\/div>\n\t\t<\/section>\n\t\t\t\t<\/div>","protected":false},"excerpt":{"rendered":"<p>Another dimensions of our educational outreach are conferences and seminars. The goal of these events is to provide a forum to address the varying issues affecting Latino seniors. We often collaborate with other organizations in the development of conferences and seminars. \u00a0 conferences LCA organized the first Northeastern Conference on Hispanic Elderly in Hartford, CT [&hellip;]<\/p>\n","protected":false},"author":1,"featured_media":0,"parent":0,"menu_order":0,"comment_status":"closed","ping_status":"closed","template":"","meta":{"bgseo_title":"","bgseo_description":"","bgseo_robots_index":"index","bgseo_robots_follow":"follow","footnotes":""},"class_list":["post-104","page","type-page","status-publish"],"_links":{"self":[{"href":"https:\/\/lcaflorida.org\/es\/wp-json\/wp\/v2\/pages\/104","targetHints":{"allow":["GET"]}}],"collection":[{"href":"https:\/\/lcaflorida.org\/es\/wp-json\/wp\/v2\/pages"}],"about":[{"href":"https:\/\/lcaflorida.org\/es\/wp-json\/wp\/v2\/types\/page"}],"author":[{"embeddable":true,"href":"https:\/\/lcaflorida.org\/es\/wp-json\/wp\/v2\/users\/1"}],"replies":[{"embeddable":true,"href":"https:\/\/lcaflorida.org\/es\/wp-json\/wp\/v2\/comments?post=104"}],"version-history":[{"count":0,"href":"https:\/\/lcaflorida.org\/es\/wp-json\/wp\/v2\/pages\/104\/revisions"}],"wp:attachment":[{"href":"https:\/\/lcaflorida.org\/es\/wp-json\/wp\/v2\/media?parent=104"}],"curies":[{"name":"wp","href":"https:\/\/api.w.org\/{rel}","templated":true}]}}