{"id":100,"date":"2020-02-22T16:14:31","date_gmt":"2020-02-22T16:14:31","guid":{"rendered":"https:\/\/lcaflorida.org\/about-us\/"},"modified":"2026-04-10T18:15:18","modified_gmt":"2026-04-10T18:15:18","slug":"about-us","status":"publish","type":"page","link":"https:\/\/lcaflorida.org\/es\/about-us\/","title":{"rendered":"SOBRE NOSOTROS"},"content":{"rendered":"<div data-elementor-type=\"wp-page\" data-elementor-id=\"100\" class=\"elementor elementor-100\">\n\t\t\t\t\t\t<section class=\"elementor-section elementor-top-section elementor-element elementor-element-7fd23d3b elementor-section-boxed elementor-section-height-default elementor-section-height-default\" data-id=\"7fd23d3b\" data-element_type=\"section\" data-e-type=\"section\">\n\t\t\t\t\t\t<div class=\"elementor-container elementor-column-gap-default\">\n\t\t\t\t\t<div class=\"elementor-column elementor-col-100 elementor-top-column elementor-element elementor-element-4cceaf00\" data-id=\"4cceaf00\" data-element_type=\"column\" data-e-type=\"column\">\n\t\t\t<div class=\"elementor-widget-wrap elementor-element-populated\">\n\t\t\t\t\t\t<div class=\"elementor-element elementor-element-d5a645f elementor-widget elementor-widget-text-editor\" data-id=\"d5a645f\" data-element_type=\"widget\" data-e-type=\"widget\" data-widget_type=\"text-editor.default\">\n\t\t\t\t<div class=\"elementor-widget-container\">\n\t\t\t\t\t\t\t\t\t<div class=\"boldgrid-section\"><div class=\"container\"><div class=\"row gridblock\"><div class=\"col-md-6 col-xs-12 col-sm-12\"><h2><strong>Mario E Tapia<\/strong><\/h2><h4>Presidente &amp; Principal Ejecutivo<\/h4><div class=\"row gridblock bg-editor-hr-wrap\"><div class=\"col-md-12 col-xs-12 col-sm-12\"><hr \/><\/div><\/div><\/div><div class=\"col-md-6 col-sm-12 col-xs-12\"><\/div><\/div><\/div><\/div><div class=\"boldgrid-section\"><div class=\"container\"><div class=\"row gridblock\"><div class=\"col-md-6 col-margin-bottom col-xs-12 col-sm-12\"><p><span style=\"color: #000000;\">Mr. Mario E. Tapia is the founder of the Latino Center on Aging.\u00a0 Mr. Tapia has worked for over forty years in various aspects of planning and delivering services to older Americans at the federal, state, and local levels.<\/span><\/p><p><span style=\"color: #000000;\">His first position with the elderly was as Planner\/Coordinator for the Somerset County Office on Aging, Somerville, NJ in 1977.\u00a0 Since then he has demonstrated much dedication and commitment to developing and improving access to services for older adults, making a particular effort on behalf of the less fortunate, the frail, and the minority older persons.<\/span><\/p><p><span style=\"color: #000000;\">Mr. Tapia has lectured at numerous colleges, universities, and national conventions throughout the United States and abroad.\u00a0 His expertise has been sought by the New York State Office for the Aging and the New Jersey Division on Aging, who nominated him as a member of their respective state committees preparing for the 1981, the 1995, and the 2005 White House Conference on Aging.<\/span><\/p><p><span style=\"color: #000000;\">El Sr. Tapia participa o ha participado activamente en las siguientes organizaciones o grupos:<\/span><\/p><p><span style=\"color: #000000;\">Centro Nacional de Recursos para la Investigaci\u00f3n sobre el Envejecimiento de Grupos Minoritarios, Integrante del Comit\u00e9 Asesor<\/span><br \/><span style=\"color: #000000;\">Centro C\u00edvico Chileno de EE. UU., Presidente<\/span><br \/><span style=\"color: #000000;\">Estado de Nueva York, Comit\u00e9 Asesor Senatorial sobre la Vejez, Integrante del Comit\u00e9<\/span><br \/><span style=\"color: #000000;\">Estado de Nueva York, Comit\u00e9 Especial para Trabajadores en su Madurez, Integrante del Comit\u00e9<\/span><br \/><span style=\"color: #000000;\">Consejo Asesor sobre Asuntos de la Tercera Edad en Condado Miami-Dade, Vice Presidente<br \/>Comit\u00e9 sobre Adultos Vulnerables (EVA) de Miami-Dade, Miembro del Sub-comit\u00e9.<\/span><\/p><p><span style=\"color: #000000;\">Mr. Tapia received his degree as &#8220;Licenciado en Filosof\u00eda y Educaci\u00f3n&#8221; (e.g., Masters in Arts) from the Catholic University of Valpara\u00edso, Chile, is listed in Who&#8217;s Who Among Hispanic-Americans&#8217;, in the 1991-92 edition.<\/span><\/p><p><span style=\"color: #000000;\">WPIX-Ch 11, NY, designated him &#8220;Unsung Heroe&#8221; in October 2002.<\/span><\/p><p><span style=\"color: #000000;\">Mr. Tapia received the NY Post Liberty Medal of Freedom at Gracie Mansion, NYC, in October, 2003.<\/span><\/p><p><span style=\"color: #000000;\">El 3 de agosto de 1995, el Sr. Tapia fue declarado \"Hijo Ilustre\" por su ciudad natal, San Felipe - Chile.\u00a0<\/span><\/p><p><span style=\"color: #000000;\">Recibi\u00f3 el Premio Senador Claude Pepper por Liderazgo Hispano el 16 de mayo de 2025.<\/span><\/p><\/div><div class=\"col-md-6 col-margin-bottom text-center col-xs-12 col-sm-12\"><p class=\"mod-img\"><span style=\"color: #000000;\"><img fetchpriority=\"high\" decoding=\"async\" class=\"wp-image-1958 size-medium aligncenter\" src=\"https:\/\/lcaflorida.org\/wp-content\/uploads\/2020\/02\/mtapia_suit1_pp-253x300.jpg\" alt=\"\" width=\"253\" height=\"300\" data-imhwpb-asset-id=\"780828\" srcset=\"https:\/\/lcaflorida.org\/wp-content\/uploads\/2020\/02\/mtapia_suit1_pp-253x300.jpg 253w, https:\/\/lcaflorida.org\/wp-content\/uploads\/2020\/02\/mtapia_suit1_pp-863x1024.jpg 863w, https:\/\/lcaflorida.org\/wp-content\/uploads\/2020\/02\/mtapia_suit1_pp-768x911.jpg 768w, https:\/\/lcaflorida.org\/wp-content\/uploads\/2020\/02\/mtapia_suit1_pp-1295x1536.jpg 1295w, https:\/\/lcaflorida.org\/wp-content\/uploads\/2020\/02\/mtapia_suit1_pp-1727x2048.jpg 1727w, https:\/\/lcaflorida.org\/wp-content\/uploads\/2020\/02\/mtapia_suit1_pp-250x297.jpg 250w, https:\/\/lcaflorida.org\/wp-content\/uploads\/2020\/02\/mtapia_suit1_pp-550x652.jpg 550w, https:\/\/lcaflorida.org\/wp-content\/uploads\/2020\/02\/mtapia_suit1_pp-800x949.jpg 800w, https:\/\/lcaflorida.org\/wp-content\/uploads\/2020\/02\/mtapia_suit1_pp-152x180.jpg 152w, https:\/\/lcaflorida.org\/wp-content\/uploads\/2020\/02\/mtapia_suit1_pp-422x500.jpg 422w, https:\/\/lcaflorida.org\/wp-content\/uploads\/2020\/02\/mtapia_suit1_pp.jpg 1881w\" sizes=\"(max-width: 253px) 100vw, 253px\" \/><\/span><\/p><\/div><\/div><hr \/><\/div><\/div><div class=\"boldgrid-section\"><div class=\"container\"><div class=\"row gridblock\"><div class=\"col-md-12 col-xs-12 col-sm-12\"><div class=\"mod-space\"><\/div><div class=\"mod-space\"><\/div><div class=\"mod-space\"><\/div><div class=\"mod-space\"><\/div><\/div><div class=\"boldgrid-section\"><div class=\"container\"><div class=\"row gridblock\"><div class=\"col-md-6 col-xs-12 col-sm-12\"><h2 style=\"text-align: left;\"><span style=\"color: #000000;\"><strong>Junta de Directores<\/strong><\/span><\/h2><h4 style=\"text-align: left;\"><span style=\"color: #000000;\">Tanto la Junta de Directores del Latino Center on Aging (LCA) como su Junta de Consejeros, est\u00e1n conformadas por sobresalientes dirigentes comunitarios.<\/span><\/h4><div class=\"row gridblock bg-editor-hr-wrap\"><div class=\"col-md-12 col-xs-12 col-sm-12\" style=\"text-align: left;\"><\/div><\/div><\/div><div class=\"col-md-6 col-sm-12 col-xs-12\"><\/div><\/div><\/div><\/div><div class=\"boldgrid-section\"><div class=\"container\"><div class=\"row gridblock\"><div class=\"col-md-6 col-margin-bottom col-xs-12 col-sm-12\"><p><span style=\"color: #000000;\">Doris Col\u00f3n*, Trabajadora Social, Jubilada<\/span><br \/><span style=\"color: #000000;\">Jean Fuentes, SVP de Recursos Humanos, Cadena Televisiva Fox<\/span><br \/><span style=\"color: #000000;\">Carrie Matos***, Consultora en Relaciones P\u00fablicas<\/span><br \/><span style=\"color: #000000;\">Rafael Piroman, Presentador de TV, WNET-Canal 13 NY<\/span><br \/><span style=\"color: #000000;\">Adriene Rosell, Ejecutiva en Servicios de Salud<\/span><br \/><span style=\"color: #000000;\">Carmen Delia S\u00e1nchez, DSW, Ombudsman for the Elderly at Office for the Elderly, San Juan, Puerto Rico<\/span><br \/><span style=\"color: #000000;\">*Presidenta, **Tesorera, y ***Secretaria de la Junta Directiva<\/span><\/p><div class=\"row gridblock\"><div class=\"col-md-4 col-xs-12 col-sm-12\"><p class=\"mod-img-circle\"><span style=\"color: #000000;\"><img decoding=\"async\" class=\"alignnone wp-image-8891 size-medium\" src=\"https:\/\/lcaflorida.org\/wp-content\/uploads\/2023\/06\/rosell_23-300x300.jpg\" alt=\"\" width=\"300\" height=\"300\" data-imhwpb-built-photo-search=\"130|square\" srcset=\"https:\/\/lcaflorida.org\/wp-content\/uploads\/2023\/06\/rosell_23.jpg 300w, https:\/\/lcaflorida.org\/wp-content\/uploads\/2023\/06\/rosell_23-150x150.jpg 150w, https:\/\/lcaflorida.org\/wp-content\/uploads\/2023\/06\/rosell_23-12x12.jpg 12w, https:\/\/lcaflorida.org\/wp-content\/uploads\/2023\/06\/rosell_23-48x48.jpg 48w, https:\/\/lcaflorida.org\/wp-content\/uploads\/2023\/06\/rosell_23-250x250.jpg 250w, https:\/\/lcaflorida.org\/wp-content\/uploads\/2023\/06\/rosell_23-180x180.jpg 180w\" sizes=\"(max-width: 300px) 100vw, 300px\" \/><img decoding=\"async\" class=\"alignnone wp-image-1971 size-medium\" src=\"https:\/\/lcaflorida.org\/wp-content\/uploads\/2020\/02\/Carmen_sanchez-291x300.jpg\" alt=\"\" width=\"291\" height=\"300\" data-imhwpb-built-photo-search=\"130|square\" \/><\/span><\/p><\/div><div class=\"col-md-4 col-sm-12 col-xs-12\"><p class=\"mod-img-circle\"><span style=\"color: #000000;\"><img loading=\"lazy\" decoding=\"async\" class=\"alignnone wp-image-2041 size-medium\" src=\"https:\/\/lcaflorida.org\/wp-content\/uploads\/2020\/02\/doris_colon_20-300x300.jpg\" alt=\"\" width=\"300\" height=\"300\" data-imhwpb-built-photo-search=\"8|square\" srcset=\"https:\/\/lcaflorida.org\/wp-content\/uploads\/2020\/02\/doris_colon_20-300x300.jpg 300w, https:\/\/lcaflorida.org\/wp-content\/uploads\/2020\/02\/doris_colon_20-150x150.jpg 150w, https:\/\/lcaflorida.org\/wp-content\/uploads\/2020\/02\/doris_colon_20-48x48.jpg 48w, https:\/\/lcaflorida.org\/wp-content\/uploads\/2020\/02\/doris_colon_20-250x251.jpg 250w, https:\/\/lcaflorida.org\/wp-content\/uploads\/2020\/02\/doris_colon_20-180x180.jpg 180w, https:\/\/lcaflorida.org\/wp-content\/uploads\/2020\/02\/doris_colon_20-299x300.jpg 299w, https:\/\/lcaflorida.org\/wp-content\/uploads\/2020\/02\/doris_colon_20.jpg 400w\" sizes=\"(max-width: 300px) 100vw, 300px\" \/><img loading=\"lazy\" decoding=\"async\" class=\"alignnone wp-image-2037 size-medium\" src=\"https:\/\/lcaflorida.org\/wp-content\/uploads\/2020\/02\/carrie_matos_20-293x300.jpg\" alt=\"\" width=\"300\" height=\"300\" data-imhwpb-built-photo-search=\"8|square\" srcset=\"https:\/\/lcaflorida.org\/wp-content\/uploads\/2020\/02\/carrie_matos_20-150x150.jpg 150w, https:\/\/lcaflorida.org\/wp-content\/uploads\/2020\/02\/carrie_matos_20-48x48.jpg 48w, https:\/\/lcaflorida.org\/wp-content\/uploads\/2020\/02\/carrie_matos_20-300x300.jpg 300w\" sizes=\"(max-width: 300px) 100vw, 300px\" \/><\/span><\/p><\/div><div class=\"col-md-4 col-sm-12 col-xs-12\"><p class=\"mod-img-circle\"><span style=\"color: #000000;\"><img loading=\"lazy\" decoding=\"async\" class=\"alignnone wp-image-2042 size-medium\" src=\"https:\/\/lcaflorida.org\/wp-content\/uploads\/2020\/02\/jean_fuentes_20-300x300.jpg\" alt=\"\" width=\"300\" height=\"300\" data-imhwpb-built-photo-search=\"8|square\" srcset=\"https:\/\/lcaflorida.org\/wp-content\/uploads\/2020\/02\/jean_fuentes_20-300x300.jpg 300w, https:\/\/lcaflorida.org\/wp-content\/uploads\/2020\/02\/jean_fuentes_20-150x150.jpg 150w, https:\/\/lcaflorida.org\/wp-content\/uploads\/2020\/02\/jean_fuentes_20-48x48.jpg 48w\" sizes=\"(max-width: 300px) 100vw, 300px\" \/><img loading=\"lazy\" decoding=\"async\" class=\"alignnone wp-image-2036 size-medium\" src=\"https:\/\/lcaflorida.org\/wp-content\/uploads\/2020\/02\/rafael-300x300.jpg\" alt=\"\" width=\"300\" height=\"300\" data-imhwpb-built-photo-search=\"8|square\" srcset=\"https:\/\/lcaflorida.org\/wp-content\/uploads\/2020\/02\/rafael-300x300.jpg 300w, https:\/\/lcaflorida.org\/wp-content\/uploads\/2020\/02\/rafael-150x150.jpg 150w, https:\/\/lcaflorida.org\/wp-content\/uploads\/2020\/02\/rafael-48x48.jpg 48w\" sizes=\"(max-width: 300px) 100vw, 300px\" \/><\/span><\/p><\/div><\/div><\/div><div class=\"col-md-6 col-margin-bottom text-center col-xs-12 col-sm-12\"><p><span style=\"color: #000000;\"><img loading=\"lazy\" decoding=\"async\" class=\"alignnone wp-image-9943 size-large\" src=\"https:\/\/lcaflorida.org\/wp-content\/uploads\/2025\/12\/navidad_2025-1-1024x752.jpg\" alt=\"\" width=\"1024\" height=\"752\" data-imhwpb-built-photo-search=\"130|square\" srcset=\"https:\/\/lcaflorida.org\/wp-content\/uploads\/2025\/12\/navidad_2025-1-1024x752.jpg 1024w, https:\/\/lcaflorida.org\/wp-content\/uploads\/2025\/12\/navidad_2025-1-300x220.jpg 300w, https:\/\/lcaflorida.org\/wp-content\/uploads\/2025\/12\/navidad_2025-1-768x564.jpg 768w, https:\/\/lcaflorida.org\/wp-content\/uploads\/2025\/12\/navidad_2025-1-1536x1129.jpg 1536w, https:\/\/lcaflorida.org\/wp-content\/uploads\/2025\/12\/navidad_2025-1-2048x1505.jpg 2048w, https:\/\/lcaflorida.org\/wp-content\/uploads\/2025\/12\/navidad_2025-1-16x12.jpg 16w, https:\/\/lcaflorida.org\/wp-content\/uploads\/2025\/12\/navidad_2025-1-250x184.jpg 250w, https:\/\/lcaflorida.org\/wp-content\/uploads\/2025\/12\/navidad_2025-1-550x404.jpg 550w, https:\/\/lcaflorida.org\/wp-content\/uploads\/2025\/12\/navidad_2025-1-800x588.jpg 800w, https:\/\/lcaflorida.org\/wp-content\/uploads\/2025\/12\/navidad_2025-1-245x180.jpg 245w, https:\/\/lcaflorida.org\/wp-content\/uploads\/2025\/12\/navidad_2025-1-408x300.jpg 408w, https:\/\/lcaflorida.org\/wp-content\/uploads\/2025\/12\/navidad_2025-1-681x500.jpg 681w\" sizes=\"(max-width: 1024px) 100vw, 1024px\" \/><\/span><\/p><h4><span style=\"color: #000000;\"><strong>Junta de Asesores  del Sur de Florida<\/strong><\/span><\/h4><p><strong>JUNTA ASESORA EJECUTIVA<\/strong><\/p><h5>KATHY AVILA<br \/>LUPE BRUNEMAN<br \/>STEPHANIE DE LA PIEDRA<br \/>THAYRA HAUSHEER<br \/>MARIA HIDALGO<br \/>LIAN LONGOBUCCO<br \/>GABRIELA MACOTO<br \/>LIZABETH MIGUEL<br \/>DENNISE NICOLA<br \/>LYMARI RIVERA<\/h5><p>Miembros Generales<\/p><h5>MARJORIE E. ALONI<br \/>BLANCA CEBALLOS<br \/>BRENDA CENTENO<br \/>MAURO HERN\u00c1NDEZ, SR.<br \/>ANA MAZZEI<br \/>ESNILCYS MIRANDA<br \/>GLORIA ORLANDI-KASS<br \/>ETTORE SABATELLA<\/h5><\/div><\/div><\/div><\/div><\/div><\/div><\/div>\t\t\t\t\t\t\t\t<\/div>\n\t\t\t\t<\/div>\n\t\t\t\t\t<\/div>\n\t\t<\/div>\n\t\t\t\t\t<\/div>\n\t\t<\/section>\n\t\t\t\t<\/div>","protected":false},"excerpt":{"rendered":"<p>Mario E Tapia president &amp; CEO Mr. Mario E. Tapia is the founder of the Latino Center on Aging.\u00a0 Mr. Tapia has worked for over forty years in various aspects of planning and delivering services to older Americans at the federal, state, and local levels. His first position with the elderly was as Planner\/Coordinator for [&hellip;]<\/p>\n","protected":false},"author":1,"featured_media":1062,"parent":0,"menu_order":0,"comment_status":"closed","ping_status":"closed","template":"","meta":{"bgseo_title":"","bgseo_description":"","bgseo_robots_index":"index","bgseo_robots_follow":"follow","footnotes":""},"class_list":["post-100","page","type-page","status-publish","has-post-thumbnail"],"_links":{"self":[{"href":"https:\/\/lcaflorida.org\/es\/wp-json\/wp\/v2\/pages\/100","targetHints":{"allow":["GET"]}}],"collection":[{"href":"https:\/\/lcaflorida.org\/es\/wp-json\/wp\/v2\/pages"}],"about":[{"href":"https:\/\/lcaflorida.org\/es\/wp-json\/wp\/v2\/types\/page"}],"author":[{"embeddable":true,"href":"https:\/\/lcaflorida.org\/es\/wp-json\/wp\/v2\/users\/1"}],"replies":[{"embeddable":true,"href":"https:\/\/lcaflorida.org\/es\/wp-json\/wp\/v2\/comments?post=100"}],"version-history":[{"count":60,"href":"https:\/\/lcaflorida.org\/es\/wp-json\/wp\/v2\/pages\/100\/revisions"}],"predecessor-version":[{"id":10099,"href":"https:\/\/lcaflorida.org\/es\/wp-json\/wp\/v2\/pages\/100\/revisions\/10099"}],"wp:featuredmedia":[{"embeddable":true,"href":"https:\/\/lcaflorida.org\/es\/wp-json\/wp\/v2\/media\/1062"}],"wp:attachment":[{"href":"https:\/\/lcaflorida.org\/es\/wp-json\/wp\/v2\/media?parent=100"}],"curies":[{"name":"wp","href":"https:\/\/api.w.org\/{rel}","templated":true}]}}